{"id":5027,"date":"2021-09-27T10:41:57","date_gmt":"2021-09-27T08:41:57","guid":{"rendered":"https:\/\/www.gruppoboero.it\/?page_id=5027"},"modified":"2021-10-22T11:25:44","modified_gmt":"2021-10-22T09:25:44","slug":"about-us","status":"publish","type":"page","link":"https:\/\/www.gruppoboero.it\/en\/about-us\/","title":{"rendered":"About us"},"content":{"rendered":"\n<h1 class=\"noloop wp-block-heading\">Together we build new worlds<\/h1>\n\n\n\n<div class=\"wp-block-group site-group-wrap text-pl-mw\"><div class=\"wp-block-group__inner-container\">\n<div class=\"wp-block-columns cols-100to100\">\n<div class=\"wp-block-column is-vertically-aligned-top cols-100to100__col\">\n<h2 class=\"page-subtitle wp-block-heading\">A partner at the service of the <span class=\"wrap-desktop-text\"> <\/span>best creators of beauty<\/h2>\n\n\n\n<p>Before talking about ourselves, we first like to talk about those who choose us: <strong>large companies who are leaders in international markets<\/strong>, <strong>small entrepreneurs<\/strong> who exhibit artisan <strong>care over every detail<\/strong>, planners of territories where walking becomes an act of culture, and <strong>innovation ecosystems<\/strong>. We observe ourselves through their performance and we ask ourselves where we can improve to allow this network to function in a way that is more agile, <strong>sustainable<\/strong>, and consistent with our shared goal. Knowing how to form a part of something is a sign of knowing how to be a part of it; our history moves over time because of the relationships which carry us throughout the world and into the future. We continue to work so the beating of our wings continues to <strong>generate beauty<\/strong>.<\/p>\n<\/div>\n<\/div>\n\n\n\n\n<\/div><\/div>\n\n\n\n<div class=\"site-wrap__contents aligncenter embed-responsive embed-responsive-16by9 mb-5\">\n<iframe class=\"embed-responsive-item\" src=\"https:\/\/player.vimeo.com\/video\/609654323?h=71d125e447&amp;dnl=1&amp;muted=1&amp;autoplay=1&amp;loop=1&amp;autopause=0\" allow=\"autoplay; fullscreen; picture-in-picture\" allowfullscreen=\"\" frameborder=\"0\"><\/iframe>\n<\/div>\n\n\n\n<div class=\"wp-block-columns site-mega-column mega-slider\">\n<div class=\"wp-block-column site-mega-column__block swiper-wrapper\">\n<div class=\"wp-block-columns swiper-slide cols-100to50\">\n<div class=\"wp-block-column cols-100to50__col\">\n<h2 class=\"ticss-e0d032f7 wp-block-heading\">Residential sites<\/h2>\n\n\n\n<p>The complex <strong>production cycle of architecture &amp; deco<\/strong> must maintain an equilibrium among many elements, balancing aesthetics, efficiency, deadlines, environmental impact, and the management of various aspects of safety. Whoever accomplishes a residential project, creates, and brings to life spaces for the <strong>quality of life<\/strong> of <strong>individuals<\/strong> and the <strong>community<\/strong>. In engineering that harmonises timing, materials, and standards, Gruppo Boero helps implement more visionary projects, giving<strong> colour and certified guarantees<\/strong> to every single brick of the building.<\/p>\n<\/div>\n\n\n\n<div class=\"wp-block-column cols-100to50__col\">\n<figure class=\"wp-block-image size-full\"><img loading=\"lazy\" decoding=\"async\" width=\"800\" height=\"800\" src=\"https:\/\/www.gruppoboero.it\/wp-content\/uploads\/2021\/08\/cantiere-edilizia.jpg\" alt=\"\" class=\"wp-image-2132\" srcset=\"https:\/\/www.gruppoboero.it\/wp-content\/uploads\/2021\/08\/cantiere-edilizia.jpg 800w, https:\/\/www.gruppoboero.it\/wp-content\/uploads\/2021\/08\/cantiere-edilizia-300x300.jpg 300w, https:\/\/www.gruppoboero.it\/wp-content\/uploads\/2021\/08\/cantiere-edilizia-150x150.jpg 150w, https:\/\/www.gruppoboero.it\/wp-content\/uploads\/2021\/08\/cantiere-edilizia-768x768.jpg 768w\" sizes=\"auto, (max-width: 800px) 100vw, 800px\" \/><\/figure>\n<\/div>\n<\/div>\n\n\n\n<div class=\"wp-block-columns swiper-slide cols-100to50\">\n<div class=\"wp-block-column cols-100to50__col\">\n<h2 class=\"wp-block-heading\">Marine sites<\/h2>\n\n\n\n<p><strong>Elegance<\/strong> and <strong>performance<\/strong>: from major brands in Italian and international shipbuilding, to small ship owners, for<strong> whom the boat is a continuous act of care<\/strong>. We fly on the water with those who know how to live in the sea, enveloping hulls in increasingly <strong>innovative<\/strong> and <strong>sustainable protective formulas<\/strong>. In a world which manages to make charm and technical research sail together, we aim to be recognised for our reliability and readiness in transforming our <strong>instinct for innovation<\/strong> into concrete solutions.<\/p>\n<\/div>\n\n\n\n<div class=\"wp-block-column cols-100to50__col\">\n<figure class=\"wp-block-image size-full\"><img loading=\"lazy\" decoding=\"async\" width=\"800\" height=\"800\" src=\"https:\/\/www.gruppoboero.it\/wp-content\/uploads\/2021\/08\/cantiere-navale.jpg\" alt=\"\" class=\"wp-image-2134\" srcset=\"https:\/\/www.gruppoboero.it\/wp-content\/uploads\/2021\/08\/cantiere-navale.jpg 800w, https:\/\/www.gruppoboero.it\/wp-content\/uploads\/2021\/08\/cantiere-navale-300x300.jpg 300w, https:\/\/www.gruppoboero.it\/wp-content\/uploads\/2021\/08\/cantiere-navale-150x150.jpg 150w, https:\/\/www.gruppoboero.it\/wp-content\/uploads\/2021\/08\/cantiere-navale-768x768.jpg 768w\" sizes=\"auto, (max-width: 800px) 100vw, 800px\" \/><\/figure>\n<\/div>\n<\/div>\n\n\n\n<div class=\"wp-block-columns swiper-slide cols-100to50\">\n<div class=\"wp-block-column cols-100to50__col\">\n<h2 class=\"wp-block-heading\">Designers and planners<\/h2>\n\n\n\n<p>Those who design a space also know how to fill it. Every product line already comprises one of the possible stories that will pass through it. We train our wings to beat with those<strong> who fuse beauty and usability<\/strong>. We stand alongside and are constantly listening to those who devise<strong> cutting-edge solutions<\/strong> and new ways to overcome complexity. In our role as <strong>colour consultants<\/strong>, we work alongside the best professionals in converging trends and functionality.<\/p>\n<\/div>\n\n\n\n<div class=\"wp-block-column cols-100to50__col\">\n<figure class=\"wp-block-image size-full\"><img loading=\"lazy\" decoding=\"async\" width=\"800\" height=\"800\" src=\"https:\/\/www.gruppoboero.it\/wp-content\/uploads\/2021\/08\/Designer-progettisti.jpg\" alt=\"\" class=\"wp-image-2136\" srcset=\"https:\/\/www.gruppoboero.it\/wp-content\/uploads\/2021\/08\/Designer-progettisti.jpg 800w, https:\/\/www.gruppoboero.it\/wp-content\/uploads\/2021\/08\/Designer-progettisti-300x300.jpg 300w, https:\/\/www.gruppoboero.it\/wp-content\/uploads\/2021\/08\/Designer-progettisti-150x150.jpg 150w, https:\/\/www.gruppoboero.it\/wp-content\/uploads\/2021\/08\/Designer-progettisti-768x768.jpg 768w\" sizes=\"auto, (max-width: 800px) 100vw, 800px\" \/><\/figure>\n<\/div>\n<\/div>\n\n\n\n<div class=\"wp-block-columns swiper-slide cols-100to50\">\n<div class=\"wp-block-column cols-100to50__col\">\n<h2 class=\"wp-block-heading\">A solid value chain<\/h2>\n\n\n\n<p>Our suppliers and distributors share the values and goals which we have upheld for the last 190 years: <strong>obsessive attention to quality <\/strong>upstream, <strong>continuously seeking solutions<\/strong> for the customer downstream. We are part of a value system which continuously invests in <strong>R&amp;D <\/strong>and is completely in tune with market signals. <strong>Certified and innovative raw materials<\/strong>, widespread and customised distribution which does not simply look at targets, but at lifestyles.<\/p>\n<\/div>\n\n\n\n<div class=\"wp-block-column cols-100to50__col\">\n<figure class=\"wp-block-image size-full\"><img loading=\"lazy\" decoding=\"async\" width=\"800\" height=\"800\" src=\"https:\/\/www.gruppoboero.it\/wp-content\/uploads\/2021\/09\/catena-valore.jpg\" alt=\"\" class=\"wp-image-3020\" srcset=\"https:\/\/www.gruppoboero.it\/wp-content\/uploads\/2021\/09\/catena-valore.jpg 800w, https:\/\/www.gruppoboero.it\/wp-content\/uploads\/2021\/09\/catena-valore-300x300.jpg 300w, https:\/\/www.gruppoboero.it\/wp-content\/uploads\/2021\/09\/catena-valore-150x150.jpg 150w, https:\/\/www.gruppoboero.it\/wp-content\/uploads\/2021\/09\/catena-valore-768x768.jpg 768w\" sizes=\"auto, (max-width: 800px) 100vw, 800px\" \/><\/figure>\n<\/div>\n<\/div>\n\n\n\n<div class=\"wp-block-columns swiper-slide cols-100to50\">\n<div class=\"wp-block-column cols-100to50__col\">\n<h2 class=\"wp-block-heading\">The People of Gruppo Boero<\/h2>\n\n\n\n<p>We feel a special connection, because during our<strong> long family history<\/strong> we have had the time to develop an <strong>aptitude for relationships<\/strong>. <strong>People<\/strong> who have gained experience at Boero, as well as those who would like to have it,<strong> represent our sense of beauty<\/strong>: many unique energies that know how to rise together. Today our group is international, it invests in new well-being policies, <strong>but the sense of closeness to its people <\/strong>is that of the past.<\/p>\n<\/div>\n\n\n\n<div class=\"wp-block-column cols-100to50__col\">\n<figure class=\"wp-block-image size-full\"><img loading=\"lazy\" decoding=\"async\" width=\"800\" height=\"800\" src=\"https:\/\/www.gruppoboero.it\/wp-content\/uploads\/2021\/08\/persone-gruppo.jpg\" alt=\"\" class=\"wp-image-2140\" srcset=\"https:\/\/www.gruppoboero.it\/wp-content\/uploads\/2021\/08\/persone-gruppo.jpg 800w, https:\/\/www.gruppoboero.it\/wp-content\/uploads\/2021\/08\/persone-gruppo-300x300.jpg 300w, https:\/\/www.gruppoboero.it\/wp-content\/uploads\/2021\/08\/persone-gruppo-150x150.jpg 150w, https:\/\/www.gruppoboero.it\/wp-content\/uploads\/2021\/08\/persone-gruppo-768x768.jpg 768w\" sizes=\"auto, (max-width: 800px) 100vw, 800px\" \/><\/figure>\n<\/div>\n<\/div>\n<\/div>\n<\/div>\n\n\n<div class=\"site-releated-content postnum-4\"><div class=\"site-releated-content__block\"><a class=\"site-releated-content__block__single\" href=\"https:\/\/www.gruppoboero.it\/en\/about-us\/italian-passion-performing-paints\/\" target=\"_self\"><div class=\"site-releated-content__block__single__image\">\n            <picture>\n                <source media=\"(max-width:768px)\" srcset=\"https:\/\/www.gruppoboero.it\/wp-content\/uploads\/2021\/09\/box-italian-passion.jpg\"\/>\n                <img decoding=\"async\" src=\"https:\/\/www.gruppoboero.it\/wp-content\/uploads\/2021\/09\/italian-passion-desktop-new.jpg\" alt=\"Italian passion. Performing paints\"  class=\"img-fluid\"\/>\n            <\/picture> \n        <\/div>\n        <div class=\"site-releated-content__block__single__text\">\n            <h2 class=\"site-releated-content__block__single__text__title\">Italian passion. Performing paints<\/h2>\n            <p class=\"site-releated-content__block__single__text__cta post-242\">Discover more<\/p>\n        <\/div><\/a><\/div><div class=\"site-wrap__contents site-releated-content__block\"><a class=\"site-releated-content__block__grid\" href=\"https:\/\/www.gruppoboero.it\/en\/about-us\/governance\/\" target=\"_self\"><div class=\"site-releated-content__block__grid__image\">\n            <picture>\n                <img decoding=\"async\" src=\"https:\/\/www.gruppoboero.it\/wp-content\/uploads\/2021\/09\/box-governance.jpg\" alt=\"Governance\"  class=\"img-fluid\"\/>\n            <\/picture> \n        <\/div>\n        <div class=\"site-releated-content__block__grid__text\">\n            <h2 class=\"site-releated-content__block__grid__text__title\">Governance<\/h2>\n            <p class=\"site-releated-content__block__grid__text__cta\">Discover more<\/p>\n        <\/div><\/a><a class=\"site-releated-content__block__grid\" href=\"https:\/\/www.gruppoboero.it\/en\/about-us\/company-policy\/\" target=\"_self\"><div class=\"site-releated-content__block__grid__image\">\n            <picture>\n                <img decoding=\"async\" src=\"https:\/\/www.gruppoboero.it\/wp-content\/uploads\/2021\/09\/politica-aziendale-box.jpg\" alt=\"Company policy\"  class=\"img-fluid\"\/>\n            <\/picture> \n        <\/div>\n        <div class=\"site-releated-content__block__grid__text\">\n            <h2 class=\"site-releated-content__block__grid__text__title\">Company policy<\/h2>\n            <p class=\"site-releated-content__block__grid__text__cta\">Discover more<\/p>\n        <\/div><\/a><a class=\"site-releated-content__block__grid\" href=\"https:\/\/www.gruppoboero.it\/en\/about-us\/locations\/\" target=\"_self\"><div class=\"site-releated-content__block__grid__image\">\n            <picture>\n                <img decoding=\"async\" src=\"https:\/\/www.gruppoboero.it\/wp-content\/uploads\/2021\/09\/sedi-box.jpg\" alt=\"Locations\"  class=\"img-fluid\"\/>\n            <\/picture> \n        <\/div>\n        <div class=\"site-releated-content__block__grid__text\">\n            <h2 class=\"site-releated-content__block__grid__text__title\">Locations<\/h2>\n            <p class=\"site-releated-content__block__grid__text__cta\">Discover more<\/p>\n        <\/div><\/a><\/div><\/div>\n","protected":false},"excerpt":{"rendered":"<p>Together we build new worlds A partner at the service of the best creators of beauty Before talking about ourselves, we first like to talk about those who choose us: large companies who are leaders in international markets, small entrepreneurs who exhibit artisan care over every detail, planners of territories where walking becomes an act [&hellip;]<\/p>\n","protected":false},"author":2,"featured_media":6075,"parent":0,"menu_order":20,"comment_status":"closed","ping_status":"closed","template":"","meta":{"_acf_changed":false,"_themeisle_gutenberg_block_has_review":false,"footnotes":""},"class_list":["post-5027","page","type-page","status-publish","has-post-thumbnail","hentry"],"acf":[],"yoast_head":"<!-- This site is optimized with the Yoast SEO plugin v27.4 - https:\/\/yoast.com\/product\/yoast-seo-wordpress\/ -->\n<title>A partner at the service of the best creators of beauty - Gruppo Boero<\/title>\n<meta name=\"description\" content=\"Gruppo Boero dal 1831 \u00e8 partner di realt\u00e0 leader nei mercati internazionali ai piccoli imprenditori. Contattaci per scoprire di pi\u00f9!\" \/>\n<meta name=\"robots\" content=\"index, follow, max-snippet:-1, max-image-preview:large, max-video-preview:-1\" \/>\n<link rel=\"canonical\" href=\"https:\/\/www.gruppoboero.it\/en\/about-us\/\" \/>\n<meta property=\"og:locale\" content=\"en_US\" \/>\n<meta property=\"og:type\" content=\"article\" \/>\n<meta property=\"og:title\" content=\"A partner at the service of the best creators of beauty - Gruppo Boero\" \/>\n<meta property=\"og:description\" content=\"Gruppo Boero dal 1831 \u00e8 partner di realt\u00e0 leader nei mercati internazionali ai piccoli imprenditori. Contattaci per scoprire di pi\u00f9!\" \/>\n<meta property=\"og:url\" content=\"https:\/\/www.gruppoboero.it\/en\/about-us\/\" \/>\n<meta property=\"og:site_name\" content=\"Gruppo Boero\" \/>\n<meta property=\"article:modified_time\" content=\"2021-10-22T09:25:44+00:00\" \/>\n<meta property=\"og:image\" content=\"https:\/\/www.gruppoboero.it\/wp-content\/uploads\/2021\/10\/testata-chi-siamo-desktop2.jpg\" \/>\n\t<meta property=\"og:image:width\" content=\"1920\" \/>\n\t<meta property=\"og:image:height\" content=\"730\" \/>\n\t<meta property=\"og:image:type\" content=\"image\/jpeg\" \/>\n<meta name=\"twitter:card\" content=\"summary_large_image\" \/>\n<meta name=\"twitter:label1\" content=\"Est. reading time\" \/>\n\t<meta name=\"twitter:data1\" content=\"4 minutes\" \/>\n<script type=\"application\/ld+json\" class=\"yoast-schema-graph\">{\"@context\":\"https:\\\/\\\/schema.org\",\"@graph\":[{\"@type\":\"WebPage\",\"@id\":\"https:\\\/\\\/www.gruppoboero.it\\\/en\\\/about-us\\\/\",\"url\":\"https:\\\/\\\/www.gruppoboero.it\\\/en\\\/about-us\\\/\",\"name\":\"A partner at the service of the best creators of beauty - Gruppo Boero\",\"isPartOf\":{\"@id\":\"https:\\\/\\\/www.gruppoboero.it\\\/#website\"},\"primaryImageOfPage\":{\"@id\":\"https:\\\/\\\/www.gruppoboero.it\\\/en\\\/about-us\\\/#primaryimage\"},\"image\":{\"@id\":\"https:\\\/\\\/www.gruppoboero.it\\\/en\\\/about-us\\\/#primaryimage\"},\"thumbnailUrl\":\"https:\\\/\\\/www.gruppoboero.it\\\/wp-content\\\/uploads\\\/2021\\\/10\\\/testata-chi-siamo-desktop2.jpg\",\"datePublished\":\"2021-09-27T08:41:57+00:00\",\"dateModified\":\"2021-10-22T09:25:44+00:00\",\"description\":\"Gruppo Boero dal 1831 \u00e8 partner di realt\u00e0 leader nei mercati internazionali ai piccoli imprenditori. Contattaci per scoprire di pi\u00f9!\",\"breadcrumb\":{\"@id\":\"https:\\\/\\\/www.gruppoboero.it\\\/en\\\/about-us\\\/#breadcrumb\"},\"inLanguage\":\"en-US\",\"potentialAction\":[{\"@type\":\"ReadAction\",\"target\":[\"https:\\\/\\\/www.gruppoboero.it\\\/en\\\/about-us\\\/\"]}]},{\"@type\":\"ImageObject\",\"inLanguage\":\"en-US\",\"@id\":\"https:\\\/\\\/www.gruppoboero.it\\\/en\\\/about-us\\\/#primaryimage\",\"url\":\"https:\\\/\\\/www.gruppoboero.it\\\/wp-content\\\/uploads\\\/2021\\\/10\\\/testata-chi-siamo-desktop2.jpg\",\"contentUrl\":\"https:\\\/\\\/www.gruppoboero.it\\\/wp-content\\\/uploads\\\/2021\\\/10\\\/testata-chi-siamo-desktop2.jpg\",\"width\":1920,\"height\":730},{\"@type\":\"BreadcrumbList\",\"@id\":\"https:\\\/\\\/www.gruppoboero.it\\\/en\\\/about-us\\\/#breadcrumb\",\"itemListElement\":[{\"@type\":\"ListItem\",\"position\":1,\"name\":\"Home\",\"item\":\"https:\\\/\\\/www.gruppoboero.it\\\/en\\\/\"},{\"@type\":\"ListItem\",\"position\":2,\"name\":\"About us\"}]},{\"@type\":\"WebSite\",\"@id\":\"https:\\\/\\\/www.gruppoboero.it\\\/#website\",\"url\":\"https:\\\/\\\/www.gruppoboero.it\\\/\",\"name\":\"Gruppo Boero\",\"description\":\"Gruppo Boero\",\"potentialAction\":[{\"@type\":\"SearchAction\",\"target\":{\"@type\":\"EntryPoint\",\"urlTemplate\":\"https:\\\/\\\/www.gruppoboero.it\\\/?s={search_term_string}\"},\"query-input\":{\"@type\":\"PropertyValueSpecification\",\"valueRequired\":true,\"valueName\":\"search_term_string\"}}],\"inLanguage\":\"en-US\"}]}<\/script>\n<!-- \/ Yoast SEO plugin. -->","yoast_head_json":{"title":"A partner at the service of the best creators of beauty - Gruppo Boero","description":"Gruppo Boero dal 1831 \u00e8 partner di realt\u00e0 leader nei mercati internazionali ai piccoli imprenditori. Contattaci per scoprire di pi\u00f9!","robots":{"index":"index","follow":"follow","max-snippet":"max-snippet:-1","max-image-preview":"max-image-preview:large","max-video-preview":"max-video-preview:-1"},"canonical":"https:\/\/www.gruppoboero.it\/en\/about-us\/","og_locale":"en_US","og_type":"article","og_title":"A partner at the service of the best creators of beauty - Gruppo Boero","og_description":"Gruppo Boero dal 1831 \u00e8 partner di realt\u00e0 leader nei mercati internazionali ai piccoli imprenditori. Contattaci per scoprire di pi\u00f9!","og_url":"https:\/\/www.gruppoboero.it\/en\/about-us\/","og_site_name":"Gruppo Boero","article_modified_time":"2021-10-22T09:25:44+00:00","og_image":[{"width":1920,"height":730,"url":"https:\/\/www.gruppoboero.it\/wp-content\/uploads\/2021\/10\/testata-chi-siamo-desktop2.jpg","type":"image\/jpeg"}],"twitter_card":"summary_large_image","twitter_misc":{"Est. reading time":"4 minutes"},"schema":{"@context":"https:\/\/schema.org","@graph":[{"@type":"WebPage","@id":"https:\/\/www.gruppoboero.it\/en\/about-us\/","url":"https:\/\/www.gruppoboero.it\/en\/about-us\/","name":"A partner at the service of the best creators of beauty - Gruppo Boero","isPartOf":{"@id":"https:\/\/www.gruppoboero.it\/#website"},"primaryImageOfPage":{"@id":"https:\/\/www.gruppoboero.it\/en\/about-us\/#primaryimage"},"image":{"@id":"https:\/\/www.gruppoboero.it\/en\/about-us\/#primaryimage"},"thumbnailUrl":"https:\/\/www.gruppoboero.it\/wp-content\/uploads\/2021\/10\/testata-chi-siamo-desktop2.jpg","datePublished":"2021-09-27T08:41:57+00:00","dateModified":"2021-10-22T09:25:44+00:00","description":"Gruppo Boero dal 1831 \u00e8 partner di realt\u00e0 leader nei mercati internazionali ai piccoli imprenditori. Contattaci per scoprire di pi\u00f9!","breadcrumb":{"@id":"https:\/\/www.gruppoboero.it\/en\/about-us\/#breadcrumb"},"inLanguage":"en-US","potentialAction":[{"@type":"ReadAction","target":["https:\/\/www.gruppoboero.it\/en\/about-us\/"]}]},{"@type":"ImageObject","inLanguage":"en-US","@id":"https:\/\/www.gruppoboero.it\/en\/about-us\/#primaryimage","url":"https:\/\/www.gruppoboero.it\/wp-content\/uploads\/2021\/10\/testata-chi-siamo-desktop2.jpg","contentUrl":"https:\/\/www.gruppoboero.it\/wp-content\/uploads\/2021\/10\/testata-chi-siamo-desktop2.jpg","width":1920,"height":730},{"@type":"BreadcrumbList","@id":"https:\/\/www.gruppoboero.it\/en\/about-us\/#breadcrumb","itemListElement":[{"@type":"ListItem","position":1,"name":"Home","item":"https:\/\/www.gruppoboero.it\/en\/"},{"@type":"ListItem","position":2,"name":"About us"}]},{"@type":"WebSite","@id":"https:\/\/www.gruppoboero.it\/#website","url":"https:\/\/www.gruppoboero.it\/","name":"Gruppo Boero","description":"Gruppo Boero","potentialAction":[{"@type":"SearchAction","target":{"@type":"EntryPoint","urlTemplate":"https:\/\/www.gruppoboero.it\/?s={search_term_string}"},"query-input":{"@type":"PropertyValueSpecification","valueRequired":true,"valueName":"search_term_string"}}],"inLanguage":"en-US"}]}},"_links":{"self":[{"href":"https:\/\/www.gruppoboero.it\/en\/wp-json\/wp\/v2\/pages\/5027","targetHints":{"allow":["GET"]}}],"collection":[{"href":"https:\/\/www.gruppoboero.it\/en\/wp-json\/wp\/v2\/pages"}],"about":[{"href":"https:\/\/www.gruppoboero.it\/en\/wp-json\/wp\/v2\/types\/page"}],"author":[{"embeddable":true,"href":"https:\/\/www.gruppoboero.it\/en\/wp-json\/wp\/v2\/users\/2"}],"replies":[{"embeddable":true,"href":"https:\/\/www.gruppoboero.it\/en\/wp-json\/wp\/v2\/comments?post=5027"}],"version-history":[{"count":6,"href":"https:\/\/www.gruppoboero.it\/en\/wp-json\/wp\/v2\/pages\/5027\/revisions"}],"predecessor-version":[{"id":5269,"href":"https:\/\/www.gruppoboero.it\/en\/wp-json\/wp\/v2\/pages\/5027\/revisions\/5269"}],"wp:featuredmedia":[{"embeddable":true,"href":"https:\/\/www.gruppoboero.it\/en\/wp-json\/wp\/v2\/media\/6075"}],"wp:attachment":[{"href":"https:\/\/www.gruppoboero.it\/en\/wp-json\/wp\/v2\/media?parent=5027"}],"curies":[{"name":"wp","href":"https:\/\/api.w.org\/{rel}","templated":true}]}}