{"id":5081,"date":"2021-07-05T09:19:12","date_gmt":"2021-07-05T07:19:12","guid":{"rendered":"https:\/\/www.gruppoboero.it\/about-us\/governance\/"},"modified":"2025-05-13T13:12:12","modified_gmt":"2025-05-13T11:12:12","slug":"governance","status":"publish","type":"page","link":"https:\/\/www.gruppoboero.it\/en\/about-us\/governance\/","title":{"rendered":"Governance"},"content":{"rendered":"\n<h1 class=\"wp-block-heading has-text-align-center noloop\">Governance<\/h1>\n\n\n\n<div class=\"wp-block-group site-group-wrap full-width bg-blue\"><div class=\"wp-block-group__inner-container\">\n<div class=\"wp-block-columns cols-100to60_40\">\n<div class=\"wp-block-column is-vertically-aligned-center cols-100to60_40__col pb5\">\n<div style=\"height:30px\" aria-hidden=\"true\" class=\"wp-block-spacer\"><\/div>\n\n\n\n<div style=\"height:30px\" aria-hidden=\"true\" class=\"wp-block-spacer\"><\/div>\n\n\n\n<h3 class=\"wp-block-heading\"><meta http-equiv=\"content-type\" content=\"text\/html; charset=utf-8\"\/>Board of Directors<\/h3>\n\n\n\n<p>President: Jo\u00e3o Martins Serrenho<br \/>Honorary President: Andreina Boero<br \/>\u00c2ngelo Barbedo C\u00e9sar Machado<br \/>Cristina Cavalleroni Boero<br \/>Giampaolo Iacone &#8211; General Manager<br \/>Jo\u00e3o Luis Serrenho<\/p>\n\n\n\n<p class=\"pt5\"><strong>Auditing company<\/strong><\/p>\n\n\n\n<p><meta http-equiv=\"content-type\" content=\"text\/html; charset=utf-8\"\/>PricewaterhouseCoopers SpA<\/p>\n<\/div>\n\n\n\n<div class=\"wp-block-column cols-100to60_40__col pb5\">\n<div style=\"height:30px\" aria-hidden=\"true\" class=\"wp-block-spacer\"><\/div>\n\n\n\n<h3 class=\"wp-block-heading\"><meta http-equiv=\"content-type\" content=\"text\/html; charset=utf-8\"\/>Board of Statutory Auditors<\/h3>\n\n\n\n<p>Chairman: Giuliano Foglia<br \/>Vittorio Rocchetti<br \/>Olga Russo <br \/><\/p>\n<\/div>\n<\/div>\n<\/div><\/div>\n\n\n\n<div style=\"height:50px\" aria-hidden=\"true\" class=\"wp-block-spacer ticss-351fa7eb\"><\/div>\n\n\n\n<div class=\"wp-block-group site-group-wrap logos-matrix\"><div class=\"wp-block-group__inner-container\">\n<h2 class=\"wp-block-heading\">Management<\/h2>\n\n\n\n<div class=\"wp-block-columns logos-matrix-cols max2 king\">\n<div class=\"wp-block-column is-vertically-aligned-center logos-matrix-cols__col\">\n<figure class=\"wp-block-image size-full\"><img loading=\"lazy\" decoding=\"async\" width=\"366\" height=\"366\" src=\"https:\/\/www.gruppoboero.it\/wp-content\/uploads\/2021\/08\/Iacone.jpg\" alt=\"\" class=\"wp-image-1749\" srcset=\"https:\/\/www.gruppoboero.it\/wp-content\/uploads\/2021\/08\/Iacone.jpg 366w, https:\/\/www.gruppoboero.it\/wp-content\/uploads\/2021\/08\/Iacone-300x300.jpg 300w, https:\/\/www.gruppoboero.it\/wp-content\/uploads\/2021\/08\/Iacone-150x150.jpg 150w\" sizes=\"auto, (max-width: 366px) 100vw, 366px\" \/><\/figure>\n\n\n\n<p><strong>Giampaolo Iacone<\/strong><br \/>General Manager and CFO<\/p>\n\n\n\n<blockquote class=\"wp-block-quote\">\n<p><em>\u201cNever complain, never explain.\u201d<\/em><\/p>\n<cite>Benjamin Disraeli<\/cite><\/blockquote>\n\n\n\n<p class=\" arrowlink\"><a href=\"#letteraStakeolder\">Read the letter to Stakeholders<\/a><\/p>\n<\/div>\n\n\n\n<div class=\"wp-block-column is-vertically-aligned-center logos-matrix-cols__col\">\n<figure class=\"wp-block-image size-full\"><img loading=\"lazy\" decoding=\"async\" width=\"366\" height=\"366\" src=\"https:\/\/www.gruppoboero.it\/wp-content\/uploads\/2021\/08\/Benvenuti.jpg\" alt=\"\" class=\"wp-image-1752\" srcset=\"https:\/\/www.gruppoboero.it\/wp-content\/uploads\/2021\/08\/Benvenuti.jpg 366w, https:\/\/www.gruppoboero.it\/wp-content\/uploads\/2021\/08\/Benvenuti-300x300.jpg 300w, https:\/\/www.gruppoboero.it\/wp-content\/uploads\/2021\/08\/Benvenuti-150x150.jpg 150w\" sizes=\"auto, (max-width: 366px) 100vw, 366px\" \/><\/figure>\n\n\n\n<p><strong>Alessandro Beneventi<\/strong><br \/>Purchasing Director<\/p>\n\n\n\n<blockquote class=\"wp-block-quote\">\n<p><em>\u201cIf you want to be successful, do not seek success, seek expertise.\u201d<\/em><\/p>\n<\/blockquote>\n<\/div>\n\n\n\n<div class=\"wp-block-column is-vertically-aligned-center logos-matrix-cols__col\">\n<figure class=\"wp-block-image size-full\"><img loading=\"lazy\" decoding=\"async\" width=\"366\" height=\"366\" src=\"https:\/\/www.gruppoboero.it\/wp-content\/uploads\/2022\/03\/03_-020-366x366-1.jpg\" alt=\"\" class=\"wp-image-6760\" srcset=\"https:\/\/www.gruppoboero.it\/wp-content\/uploads\/2022\/03\/03_-020-366x366-1.jpg 366w, https:\/\/www.gruppoboero.it\/wp-content\/uploads\/2022\/03\/03_-020-366x366-1-300x300.jpg 300w, https:\/\/www.gruppoboero.it\/wp-content\/uploads\/2022\/03\/03_-020-366x366-1-150x150.jpg 150w\" sizes=\"auto, (max-width: 366px) 100vw, 366px\" \/><\/figure>\n\n\n\n<p><strong>Riccardo Carpanese<\/strong><br \/><\/p>\n\n\n\n<p>Group Marketing Director<\/p>\n\n\n\n<blockquote class=\"wp-block-quote\">\n<p><em>\u201cCommon sense is genius in homespun.\u201d<\/em><\/p>\n<cite>Alfred North Whitehead<\/cite><\/blockquote>\n<\/div>\n\n\n\n<div class=\"wp-block-column is-vertically-aligned-center logos-matrix-cols__col\">\n<figure class=\"wp-block-image size-full\"><img loading=\"lazy\" decoding=\"async\" width=\"366\" height=\"366\" src=\"https:\/\/www.gruppoboero.it\/wp-content\/uploads\/2023\/03\/Manuele-Dechaud.jpg\" alt=\"\" class=\"wp-image-8073\" srcset=\"https:\/\/www.gruppoboero.it\/wp-content\/uploads\/2023\/03\/Manuele-Dechaud.jpg 366w, https:\/\/www.gruppoboero.it\/wp-content\/uploads\/2023\/03\/Manuele-Dechaud-300x300.jpg 300w, https:\/\/www.gruppoboero.it\/wp-content\/uploads\/2023\/03\/Manuele-Dechaud-150x150.jpg 150w\" sizes=\"auto, (max-width: 366px) 100vw, 366px\" \/><\/figure>\n\n\n\n<p><strong>Manuele Dechaud<br \/><\/strong>HR &amp; Innovation Director<\/p>\n\n\n\n<p>Operations Director<\/p>\n\n\n\n<blockquote class=\"wp-block-quote\">\n<p><em>\u201cPeople, Process &amp; Tool\u201d<\/em><\/p>\n<\/blockquote>\n<\/div>\n\n\n\n<div class=\"wp-block-column is-vertically-aligned-center logos-matrix-cols__col\">\n<figure class=\"wp-block-image size-full\"><img loading=\"lazy\" decoding=\"async\" width=\"366\" height=\"366\" src=\"https:\/\/www.gruppoboero.it\/wp-content\/uploads\/2022\/03\/Gemma-Gonzalez-Ferrer.jpg\" alt=\"\" class=\"wp-image-6791\" srcset=\"https:\/\/www.gruppoboero.it\/wp-content\/uploads\/2022\/03\/Gemma-Gonzalez-Ferrer.jpg 366w, https:\/\/www.gruppoboero.it\/wp-content\/uploads\/2022\/03\/Gemma-Gonzalez-Ferrer-300x300.jpg 300w, https:\/\/www.gruppoboero.it\/wp-content\/uploads\/2022\/03\/Gemma-Gonzalez-Ferrer-150x150.jpg 150w\" sizes=\"auto, (max-width: 366px) 100vw, 366px\" \/><\/figure>\n\n\n\n<p><strong>Gemma Gonzalez Ferrer<\/strong><br \/>Yachting Business Unit Director<\/p>\n\n\n\n<blockquote class=\"wp-block-quote\">\n<p><em>\u201cMake things happen\u201d<\/em><\/p>\n<\/blockquote>\n<\/div>\n\n\n\n<div class=\"wp-block-column is-vertically-aligned-center logos-matrix-cols__col\">\n<figure class=\"wp-block-image size-full\"><img loading=\"lazy\" decoding=\"async\" width=\"366\" height=\"366\" src=\"https:\/\/www.gruppoboero.it\/wp-content\/uploads\/2021\/08\/Maietta.jpg\" alt=\"\" class=\"wp-image-1756\" srcset=\"https:\/\/www.gruppoboero.it\/wp-content\/uploads\/2021\/08\/Maietta.jpg 366w, https:\/\/www.gruppoboero.it\/wp-content\/uploads\/2021\/08\/Maietta-300x300.jpg 300w, https:\/\/www.gruppoboero.it\/wp-content\/uploads\/2021\/08\/Maietta-150x150.jpg 150w\" sizes=\"auto, (max-width: 366px) 100vw, 366px\" \/><\/figure>\n\n\n\n<p><strong>Virgilio Maietta<br \/><\/strong>Architecture &amp; Deco Business Unit Commercial Director<\/p>\n\n\n\n<blockquote class=\"wp-block-quote\">\n<p><em>\u201cNone of us is as good as all of us.\u201d<\/em><\/p>\n<cite>Roy Kroc<\/cite><\/blockquote>\n<\/div>\n\n\n\n<div class=\"wp-block-column is-vertically-aligned-center logos-matrix-cols__col\">\n<figure class=\"wp-block-image size-full\"><img loading=\"lazy\" decoding=\"async\" width=\"1706\" height=\"2560\" src=\"https:\/\/www.gruppoboero.it\/wp-content\/uploads\/2025\/04\/G.Marsili-1-scaled.jpg\" alt=\"\" class=\"wp-image-9732\" style=\"aspect-ratio:1;object-fit:cover\" srcset=\"https:\/\/www.gruppoboero.it\/wp-content\/uploads\/2025\/04\/G.Marsili-1-scaled.jpg 1706w, https:\/\/www.gruppoboero.it\/wp-content\/uploads\/2025\/04\/G.Marsili-1-200x300.jpg 200w, https:\/\/www.gruppoboero.it\/wp-content\/uploads\/2025\/04\/G.Marsili-1-683x1024.jpg 683w, https:\/\/www.gruppoboero.it\/wp-content\/uploads\/2025\/04\/G.Marsili-1-768x1152.jpg 768w, https:\/\/www.gruppoboero.it\/wp-content\/uploads\/2025\/04\/G.Marsili-1-1024x1536.jpg 1024w, https:\/\/www.gruppoboero.it\/wp-content\/uploads\/2025\/04\/G.Marsili-1-1365x2048.jpg 1365w\" sizes=\"auto, (max-width: 1706px) 100vw, 1706px\" \/><\/figure>\n\n\n\n<p><strong>Giovanni Marsili<br \/><\/strong>R&amp;D Director<\/p>\n\n\n\n<blockquote class=\"wp-block-quote\">\n<p>\u201c<em>For innovators it is always day one.\u201d<\/em><\/p>\n<\/blockquote>\n<\/div>\n<\/div>\n<\/div><\/div>\n\n\n\n<div id=\"letteraStakeolder\" class=\"wp-block-group site-group-wrap full-width bg-blue\"><div class=\"wp-block-group__inner-container\">\n<div class=\"wp-block-columns cols-100to100\">\n<div class=\"wp-block-column cols-100to100__col ticss-c481ad44\">\n<h2 class=\"pb-5 wp-block-heading\">Letter to our Stakeholders<\/h2>\n\n\n\n<p>Our swan has been flying for over 190 years, and every day we work with passion, determination and a constant search for improvement. Over time, this has meant being able to adapt to changes in the market, as well as the historical, economic and cultural ones.<br \/>Today, we recognise before us the greatest challenge that human beings have had to face: safeguarding our own well-beingand aximising it, while guaranteeing future generations the same right.<br \/>We realise that the economic model that has brought us this far cannot be the same one that will lead us into a future of shared prosperity between people and the planet, and this translates into the imperative for change.<\/p>\n\n\n\n<div class=\"text-center\"><a class=\"leggi-di-piu collapsed p-5 d-flex flex-column\" data-toggle=\"collapse\" href=\"#collapseText\" role=\"button\" aria-expanded=\"false\" aria-controls=\"collapseText\"><span>Read more<\/span><span><img decoding=\"async\" src=\"\/wp-content\/uploads\/2022\/07\/arrow-bottom-sp.png\"\/><\/span><\/a><\/div>\n\n\n\n<div id=\"collapseText\" class=\"wp-block-group collapse\"><div class=\"wp-block-group__inner-container\">\n<p>As the Gruppo Boero, we are ready to participate in this transformation, and we believe that the direction to follow is to look to the future, putting the value of sustainability at the centre.<br \/>In fact, the coatings sector has a major impact on the life of the planet and it is therefore urgent to reduce its impact in a Smart way, respecting the delicate balance between innovation and conservation.<br \/>Today we are already in line with strict protocols certifying our commitment, but this is simply a necessary premise for much more profound transformations.<br \/>In 2021, therefore, we set ourselves a priority: to make our social responsibility strategy concrete and measurable.<br \/>Our commitment has started with the definition of a Sustainability Plan, which will allow us to continue our transformation towards a regenerative business.<br \/>In order to do this, we want to start with our people, with those who are part of Gruppo Boero, transmitting and spreading a culture of sustainability to everyone, so that they themselves become ambassadors of our sustainable transformation.<br \/>We want everyone to know about the course we have decided to take. The refore, every year, already starting in 2022, we will commit to drawing up a Sustainability Report. The document that chronicles our progress, impacts and the goals we are pursuing for the world.<br \/>It is an uphill path, which we intend to pursue with determination, convinced that sustainability is a necessary choice to continue generating beauty now and in the future, one flap of our wings at a time.<\/p>\n<\/div><\/div>\n<\/div>\n<\/div>\n<\/div><\/div>\n\n\n\n<div class=\"wp-block-group site-group-wrap full-width  nomargin\"><div class=\"wp-block-group__inner-container\">\n<div class=\"wp-block-columns cols-100to100 pb5 pt5\">\n<div class=\"wp-block-column is-vertically-aligned-top cols-100to100__col\">\n<h2 class=\"wp-block-heading\">A new alliance to continue to grow<\/h2>\n\n\n\n<svg width=\"186\" height=\"80\" viewBox=\"0 0 186 80\">\n    <g fill=\"none\" fill-rule=\"evenodd\">\n        <path fill=\"#1D407D\" fill-rule=\"nonzero\" d=\"M20 20h146v40H20z\"><\/path>\n        <path fill=\"#FFF\" d=\"M153.546 27.884a.878.878 0 0 0-.87-.884h-8.404a.88.88 0 0 0-.876.884v3.881a.88.88 0 0 0 .876.884c.488 0 .876.394.876.881v4.967c.004 1.684.347 4.031.347 4.031h-.08s-1.273-2.357-2.366-4.059l-6.56-10.232c-.468-.732-1.288-1.237-2.214-1.237h-5.4a.881.881 0 0 0-.875.884v3.881c0 .487.393.884.875.884.478 0 .871.394.876.881v13.764a.885.885 0 0 1-.876.883.879.879 0 0 0-.875.881v3.882c0 .487.393.88.875.88h8.399a.877.877 0 0 0 .874-.88v-3.882a.877.877 0 0 0-.874-.88.876.876 0 0 1-.871-.884l-.005.002v-4.97c0-1.686-.352-4.033-.352-4.033h.09s1.274 2.357 2.36 4.058l6.56 10.235c.474.732 1.289 1.235 2.22 1.235h3.648v.003a.879.879 0 0 0 .876-.884V33.53c0-.487.392-.881.87-.881a.88.88 0 0 0 .876-.884v-3.881zM124.273 32.649c.483 0 .88-.399.88-.884h-.005v-3.884a.878.878 0 0 0-.875-.881h-8.398a.878.878 0 0 0-.875.881v3.884c0 .485.392.884.875.884s.875.394.875.878v13.767a.88.88 0 0 1-.875.883.878.878 0 0 0-.875.881v3.884a.88.88 0 0 0 .875.882h8.398a.88.88 0 0 0 .875-.882l.006-3.884a.882.882 0 0 0-.88-.88.876.876 0 0 1-.872-.884V33.527c0-.484.394-.878.871-.878M101.085 26C93.166 26 87 31.884 87 39.85c0 7.966 6.166 13.855 14.085 13.855 3.161 0 10.064-1.243 10.064-6.266v-2.647a.877.877 0 0 0-.876-.881h-4.372a.874.874 0 0 0-.875.88v.531c0 1.534-2.23 2.203-3.94 2.203-3.865 0-7.262-2.518-7.262-7.676 0-5.156 3.397-7.673 7.261-7.673 1.711 0 3.941.67 3.941 2.204v.53c0 .487.388.884.875.884h4.372a.879.879 0 0 0 .876-.884v-2.645c0-5.026-6.903-6.265-10.064-6.265\"><\/path>\n    <\/g>\n<\/svg>\n\n\n\n<p class=\"pt3\">The progressive complexity of the market has led us to choose a <strong>partner<\/strong> capable of supporting us during a particularly delicate transition. To handle a<strong> global vision of the future in a sustainable manner<\/strong>, for us and for the context in which we operate, we decided to share our journey with a company that is like us in terms of their culture, heritage, values, and experience. There was a careful incubation period, which led us from a mutual <strong>friendship<\/strong> to a <strong>strategy<\/strong> which is shared and respectful of our respective identities. <strong>CIN<\/strong> is a company of <strong>family origins<\/strong> with more than 100 years of experience in<strong> the paint and coatings market<\/strong>. A leading company in the market of the Iberian Peninsula since 1995, in 2020 it reached a consolidated turnover of \u20ac324 million becoming Europe\u2019s <strong>13th largest coatings manufacturer<\/strong>. CIN is present in the three main market sectors &#8211; <strong>Architectural, Industrial and Protective Coatings<\/strong>, it has approximately 1,400 partners in more than 15 countries, with a direct presence in Portugal, Spain, France, Poland, Turkey, Angola, Mozambique, South Africa, and Mexico; exporting to various markets in Central Europe, South America, and Africa as well.<\/p>\n\n\n\n<div style=\"height:80px\" aria-hidden=\"true\" class=\"wp-block-spacer\"><\/div>\n\n\n\n<p>* European Coatings Journal, May 2021<br \/><\/p>\n\n\n\n<p class=\"has-text-align-right\">Visit <a href=\"https:\/\/cin.com\/pt\">cin.com<\/a><\/p>\n<\/div>\n<\/div>\n<\/div><\/div>\n\n\n\n<div class=\"wp-block-group site-group-wrap full-width nomargin negative\"><div class=\"wp-block-group__inner-container\">\n<figure class=\"wp-block-image size-large img-fullHtofullW\"><img loading=\"lazy\" decoding=\"async\" width=\"1024\" height=\"389\" src=\"https:\/\/www.gruppoboero.it\/wp-content\/uploads\/2021\/08\/CIN-desktop-1024x389.jpg\" alt=\"\" class=\"wp-image-1787\" srcset=\"https:\/\/www.gruppoboero.it\/wp-content\/uploads\/2021\/08\/CIN-desktop-1024x389.jpg 1024w, https:\/\/www.gruppoboero.it\/wp-content\/uploads\/2021\/08\/CIN-desktop-300x114.jpg 300w, https:\/\/www.gruppoboero.it\/wp-content\/uploads\/2021\/08\/CIN-desktop-768x292.jpg 768w, https:\/\/www.gruppoboero.it\/wp-content\/uploads\/2021\/08\/CIN-desktop-1536x584.jpg 1536w, https:\/\/www.gruppoboero.it\/wp-content\/uploads\/2021\/08\/CIN-desktop.jpg 1920w\" sizes=\"auto, (max-width: 1024px) 100vw, 1024px\" \/><\/figure>\n<\/div><\/div>\n\n\n\n<div style=\"height:85px\" aria-hidden=\"true\" class=\"wp-block-spacer\"><\/div>\n\n\n<div class=\"site-releated-content postnum-3\"><div class=\"site-releated-content__block site-releated-column\"><a class=\"site-releated-content__block__single\" href=\"https:\/\/www.gruppoboero.it\/en\/about-us\/italian-passion-performing-paints\/\" target=\"_self\"><div class=\"site-releated-content__block__single__image\">\n            <picture>\n                <source media=\"(max-width:768px)\" srcset=\"https:\/\/www.gruppoboero.it\/wp-content\/uploads\/2021\/09\/box-italian-passion.jpg\"\/>\n                <img decoding=\"async\" src=\"https:\/\/www.gruppoboero.it\/wp-content\/uploads\/2021\/09\/italian-passion-desktop-new.jpg\" alt=\"Italian passion. Performing paints\"  class=\"img-fluid\"\/>\n            <\/picture> \n        <\/div>\n        <div class=\"site-releated-content__block__single__text\">\n            <h2 class=\"site-releated-content__block__single__text__title\">Italian passion. Performing paints<\/h2>\n            <p class=\"site-releated-content__block__single__text__cta post-242\">Discover more<\/p>\n        <\/div><\/a><\/div><div class=\"site-wrap__contents site-releated-content__block\"><\/div><\/div>\n\n\n\n\n","protected":false},"excerpt":{"rendered":"<p>Governance Board of Directors President: Jo\u00e3o Martins SerrenhoHonorary President: Andreina Boero\u00c2ngelo Barbedo C\u00e9sar MachadoCristina Cavalleroni BoeroGiampaolo Iacone &#8211; General ManagerJo\u00e3o Luis Serrenho Auditing company PricewaterhouseCoopers SpA Board of Statutory Auditors Chairman: Giuliano FogliaVittorio RocchettiOlga Russo Management Giampaolo IaconeGeneral Manager and CFO \u201cNever complain, never explain.\u201d Read the letter to Stakeholders Alessandro BeneventiPurchasing Director \u201cIf you [&hellip;]<\/p>\n","protected":false},"author":2,"featured_media":1866,"parent":5027,"menu_order":0,"comment_status":"closed","ping_status":"closed","template":"","meta":{"_acf_changed":false,"_themeisle_gutenberg_block_has_review":false,"footnotes":""},"class_list":["post-5081","page","type-page","status-publish","has-post-thumbnail","hentry"],"acf":[],"yoast_head":"<!-- This site is optimized with the Yoast SEO plugin v27.4 - https:\/\/yoast.com\/product\/yoast-seo-wordpress\/ -->\n<title>La Governance del Gruppo: CDA e Collegio Sindacale - Gruppo Boero<\/title>\n<meta name=\"description\" content=\"La Governance del Gruppo: scopri il Consiglio di Amministrazione e il Collegio Sindacale del Gruppo Boero\" \/>\n<meta name=\"robots\" content=\"index, follow, max-snippet:-1, max-image-preview:large, max-video-preview:-1\" \/>\n<link rel=\"canonical\" href=\"https:\/\/www.gruppoboero.it\/en\/about-us\/governance\/\" \/>\n<meta property=\"og:locale\" content=\"en_US\" \/>\n<meta property=\"og:type\" content=\"article\" \/>\n<meta property=\"og:title\" content=\"La Governance del Gruppo: CDA e Collegio Sindacale - Gruppo Boero\" \/>\n<meta property=\"og:description\" content=\"La Governance del Gruppo: scopri il Consiglio di Amministrazione e il Collegio Sindacale del Gruppo Boero\" \/>\n<meta property=\"og:url\" content=\"https:\/\/www.gruppoboero.it\/en\/about-us\/governance\/\" \/>\n<meta property=\"og:site_name\" content=\"Gruppo Boero\" \/>\n<meta property=\"article:modified_time\" content=\"2025-05-13T11:12:12+00:00\" \/>\n<meta property=\"og:image\" content=\"https:\/\/www.gruppoboero.it\/wp-content\/uploads\/2021\/08\/governance-desktop.jpg\" \/>\n\t<meta property=\"og:image:width\" content=\"1918\" \/>\n\t<meta property=\"og:image:height\" content=\"730\" \/>\n\t<meta property=\"og:image:type\" content=\"image\/jpeg\" \/>\n<meta name=\"twitter:card\" content=\"summary_large_image\" \/>\n<meta name=\"twitter:label1\" content=\"Est. reading time\" \/>\n\t<meta name=\"twitter:data1\" content=\"7 minutes\" \/>\n<script type=\"application\/ld+json\" class=\"yoast-schema-graph\">{\"@context\":\"https:\\\/\\\/schema.org\",\"@graph\":[{\"@type\":\"WebPage\",\"@id\":\"https:\\\/\\\/www.gruppoboero.it\\\/en\\\/about-us\\\/governance\\\/\",\"url\":\"https:\\\/\\\/www.gruppoboero.it\\\/en\\\/about-us\\\/governance\\\/\",\"name\":\"La Governance del Gruppo: CDA e Collegio Sindacale - Gruppo Boero\",\"isPartOf\":{\"@id\":\"https:\\\/\\\/www.gruppoboero.it\\\/#website\"},\"primaryImageOfPage\":{\"@id\":\"https:\\\/\\\/www.gruppoboero.it\\\/en\\\/about-us\\\/governance\\\/#primaryimage\"},\"image\":{\"@id\":\"https:\\\/\\\/www.gruppoboero.it\\\/en\\\/about-us\\\/governance\\\/#primaryimage\"},\"thumbnailUrl\":\"https:\\\/\\\/www.gruppoboero.it\\\/wp-content\\\/uploads\\\/2021\\\/08\\\/governance-desktop.jpg\",\"datePublished\":\"2021-07-05T07:19:12+00:00\",\"dateModified\":\"2025-05-13T11:12:12+00:00\",\"description\":\"La Governance del Gruppo: scopri il Consiglio di Amministrazione e il Collegio Sindacale del Gruppo Boero\",\"breadcrumb\":{\"@id\":\"https:\\\/\\\/www.gruppoboero.it\\\/en\\\/about-us\\\/governance\\\/#breadcrumb\"},\"inLanguage\":\"en-US\",\"potentialAction\":[{\"@type\":\"ReadAction\",\"target\":[\"https:\\\/\\\/www.gruppoboero.it\\\/en\\\/about-us\\\/governance\\\/\"]}]},{\"@type\":\"ImageObject\",\"inLanguage\":\"en-US\",\"@id\":\"https:\\\/\\\/www.gruppoboero.it\\\/en\\\/about-us\\\/governance\\\/#primaryimage\",\"url\":\"https:\\\/\\\/www.gruppoboero.it\\\/wp-content\\\/uploads\\\/2021\\\/08\\\/governance-desktop.jpg\",\"contentUrl\":\"https:\\\/\\\/www.gruppoboero.it\\\/wp-content\\\/uploads\\\/2021\\\/08\\\/governance-desktop.jpg\",\"width\":1918,\"height\":730},{\"@type\":\"BreadcrumbList\",\"@id\":\"https:\\\/\\\/www.gruppoboero.it\\\/en\\\/about-us\\\/governance\\\/#breadcrumb\",\"itemListElement\":[{\"@type\":\"ListItem\",\"position\":1,\"name\":\"Home\",\"item\":\"https:\\\/\\\/www.gruppoboero.it\\\/en\\\/\"},{\"@type\":\"ListItem\",\"position\":2,\"name\":\"About us\",\"item\":\"https:\\\/\\\/www.gruppoboero.it\\\/en\\\/about-us\\\/\"},{\"@type\":\"ListItem\",\"position\":3,\"name\":\"Governance\"}]},{\"@type\":\"WebSite\",\"@id\":\"https:\\\/\\\/www.gruppoboero.it\\\/#website\",\"url\":\"https:\\\/\\\/www.gruppoboero.it\\\/\",\"name\":\"Gruppo Boero\",\"description\":\"Gruppo Boero\",\"potentialAction\":[{\"@type\":\"SearchAction\",\"target\":{\"@type\":\"EntryPoint\",\"urlTemplate\":\"https:\\\/\\\/www.gruppoboero.it\\\/?s={search_term_string}\"},\"query-input\":{\"@type\":\"PropertyValueSpecification\",\"valueRequired\":true,\"valueName\":\"search_term_string\"}}],\"inLanguage\":\"en-US\"}]}<\/script>\n<!-- \/ Yoast SEO plugin. -->","yoast_head_json":{"title":"La Governance del Gruppo: CDA e Collegio Sindacale - Gruppo Boero","description":"La Governance del Gruppo: scopri il Consiglio di Amministrazione e il Collegio Sindacale del Gruppo Boero","robots":{"index":"index","follow":"follow","max-snippet":"max-snippet:-1","max-image-preview":"max-image-preview:large","max-video-preview":"max-video-preview:-1"},"canonical":"https:\/\/www.gruppoboero.it\/en\/about-us\/governance\/","og_locale":"en_US","og_type":"article","og_title":"La Governance del Gruppo: CDA e Collegio Sindacale - Gruppo Boero","og_description":"La Governance del Gruppo: scopri il Consiglio di Amministrazione e il Collegio Sindacale del Gruppo Boero","og_url":"https:\/\/www.gruppoboero.it\/en\/about-us\/governance\/","og_site_name":"Gruppo Boero","article_modified_time":"2025-05-13T11:12:12+00:00","og_image":[{"width":1918,"height":730,"url":"https:\/\/www.gruppoboero.it\/wp-content\/uploads\/2021\/08\/governance-desktop.jpg","type":"image\/jpeg"}],"twitter_card":"summary_large_image","twitter_misc":{"Est. reading time":"7 minutes"},"schema":{"@context":"https:\/\/schema.org","@graph":[{"@type":"WebPage","@id":"https:\/\/www.gruppoboero.it\/en\/about-us\/governance\/","url":"https:\/\/www.gruppoboero.it\/en\/about-us\/governance\/","name":"La Governance del Gruppo: CDA e Collegio Sindacale - Gruppo Boero","isPartOf":{"@id":"https:\/\/www.gruppoboero.it\/#website"},"primaryImageOfPage":{"@id":"https:\/\/www.gruppoboero.it\/en\/about-us\/governance\/#primaryimage"},"image":{"@id":"https:\/\/www.gruppoboero.it\/en\/about-us\/governance\/#primaryimage"},"thumbnailUrl":"https:\/\/www.gruppoboero.it\/wp-content\/uploads\/2021\/08\/governance-desktop.jpg","datePublished":"2021-07-05T07:19:12+00:00","dateModified":"2025-05-13T11:12:12+00:00","description":"La Governance del Gruppo: scopri il Consiglio di Amministrazione e il Collegio Sindacale del Gruppo Boero","breadcrumb":{"@id":"https:\/\/www.gruppoboero.it\/en\/about-us\/governance\/#breadcrumb"},"inLanguage":"en-US","potentialAction":[{"@type":"ReadAction","target":["https:\/\/www.gruppoboero.it\/en\/about-us\/governance\/"]}]},{"@type":"ImageObject","inLanguage":"en-US","@id":"https:\/\/www.gruppoboero.it\/en\/about-us\/governance\/#primaryimage","url":"https:\/\/www.gruppoboero.it\/wp-content\/uploads\/2021\/08\/governance-desktop.jpg","contentUrl":"https:\/\/www.gruppoboero.it\/wp-content\/uploads\/2021\/08\/governance-desktop.jpg","width":1918,"height":730},{"@type":"BreadcrumbList","@id":"https:\/\/www.gruppoboero.it\/en\/about-us\/governance\/#breadcrumb","itemListElement":[{"@type":"ListItem","position":1,"name":"Home","item":"https:\/\/www.gruppoboero.it\/en\/"},{"@type":"ListItem","position":2,"name":"About us","item":"https:\/\/www.gruppoboero.it\/en\/about-us\/"},{"@type":"ListItem","position":3,"name":"Governance"}]},{"@type":"WebSite","@id":"https:\/\/www.gruppoboero.it\/#website","url":"https:\/\/www.gruppoboero.it\/","name":"Gruppo Boero","description":"Gruppo Boero","potentialAction":[{"@type":"SearchAction","target":{"@type":"EntryPoint","urlTemplate":"https:\/\/www.gruppoboero.it\/?s={search_term_string}"},"query-input":{"@type":"PropertyValueSpecification","valueRequired":true,"valueName":"search_term_string"}}],"inLanguage":"en-US"}]}},"_links":{"self":[{"href":"https:\/\/www.gruppoboero.it\/en\/wp-json\/wp\/v2\/pages\/5081","targetHints":{"allow":["GET"]}}],"collection":[{"href":"https:\/\/www.gruppoboero.it\/en\/wp-json\/wp\/v2\/pages"}],"about":[{"href":"https:\/\/www.gruppoboero.it\/en\/wp-json\/wp\/v2\/types\/page"}],"author":[{"embeddable":true,"href":"https:\/\/www.gruppoboero.it\/en\/wp-json\/wp\/v2\/users\/2"}],"replies":[{"embeddable":true,"href":"https:\/\/www.gruppoboero.it\/en\/wp-json\/wp\/v2\/comments?post=5081"}],"version-history":[{"count":24,"href":"https:\/\/www.gruppoboero.it\/en\/wp-json\/wp\/v2\/pages\/5081\/revisions"}],"predecessor-version":[{"id":9744,"href":"https:\/\/www.gruppoboero.it\/en\/wp-json\/wp\/v2\/pages\/5081\/revisions\/9744"}],"up":[{"embeddable":true,"href":"https:\/\/www.gruppoboero.it\/en\/wp-json\/wp\/v2\/pages\/5027"}],"wp:featuredmedia":[{"embeddable":true,"href":"https:\/\/www.gruppoboero.it\/en\/wp-json\/wp\/v2\/media\/1866"}],"wp:attachment":[{"href":"https:\/\/www.gruppoboero.it\/en\/wp-json\/wp\/v2\/media?parent=5081"}],"curies":[{"name":"wp","href":"https:\/\/api.w.org\/{rel}","templated":true}]}}